{"id":7,"date":"2020-04-16T11:39:52","date_gmt":"2020-04-16T09:39:52","guid":{"rendered":"https:\/\/www.launisch.at\/willfriede_2017\/?page_id=7"},"modified":"2020-04-16T11:39:52","modified_gmt":"2020-04-16T09:39:52","slug":"ueber-uns","status":"publish","type":"page","link":"https:\/\/www.launisch.at\/willfriede_2017\/?page_id=7","title":{"rendered":"\u00dcber uns"},"content":{"rendered":"\n<p>M\u00f6glicherweise bist du k\u00fcnstlerisch t\u00e4tig und m\u00f6chtest dich und deine Arbeiten hier vorstellen. Oder hast du vielleicht ein Business mit einer Mission, die es zu beschreiben gilt?<\/p>\n","protected":false},"excerpt":{"rendered":"<p>M\u00f6glicherweise bist du k\u00fcnstlerisch t\u00e4tig und m\u00f6chtest dich und deine Arbeiten hier vorstellen. Oder hast du vielleicht ein Business mit einer Mission, die es zu beschreiben gilt?<\/p>\n","protected":false},"author":1,"featured_media":0,"parent":0,"menu_order":0,"comment_status":"closed","ping_status":"closed","template":"","meta":[],"_links":{"self":[{"href":"https:\/\/www.launisch.at\/willfriede_2017\/index.php?rest_route=\/wp\/v2\/pages\/7"}],"collection":[{"href":"https:\/\/www.launisch.at\/willfriede_2017\/index.php?rest_route=\/wp\/v2\/pages"}],"about":[{"href":"https:\/\/www.launisch.at\/willfriede_2017\/index.php?rest_route=\/wp\/v2\/types\/page"}],"author":[{"embeddable":true,"href":"https:\/\/www.launisch.at\/willfriede_2017\/index.php?rest_route=\/wp\/v2\/users\/1"}],"replies":[{"embeddable":true,"href":"https:\/\/www.launisch.at\/willfriede_2017\/index.php?rest_route=%2Fwp%2Fv2%2Fcomments&post=7"}],"version-history":[{"count":1,"href":"https:\/\/www.launisch.at\/willfriede_2017\/index.php?rest_route=\/wp\/v2\/pages\/7\/revisions"}],"predecessor-version":[{"id":12,"href":"https:\/\/www.launisch.at\/willfriede_2017\/index.php?rest_route=\/wp\/v2\/pages\/7\/revisions\/12"}],"wp:attachment":[{"href":"https:\/\/www.launisch.at\/willfriede_2017\/index.php?rest_route=%2Fwp%2Fv2%2Fmedia&parent=7"}],"curies":[{"name":"wp","href":"https:\/\/api.w.org\/{rel}","templated":true}]}}